{"id":28,"date":"2016-08-30T21:55:03","date_gmt":"2016-08-30T19:55:03","guid":{"rendered":"http:\/\/lernraum.qualifizierung.com\/?page_id=28"},"modified":"2022-11-08T19:33:18","modified_gmt":"2022-11-08T18:33:18","slug":"kornelia","status":"publish","type":"page","link":"https:\/\/lernraum.qualifizierung.com\/?page_id=28","title":{"rendered":"Ich \u00fcber mich"},"content":{"rendered":"<p>Mein Name ist Kornelia Maier-H\u00e4fele, ich bin Wirtschaftsp\u00e4dagogin, Mutter von zwei Kindern und seit vielen Jahren am Thema &#8222;Lernen&#8220; interessiert. Erst als Erwachsenenbildnerin, sp\u00e4ter als Organisationsentwicklerin und nun seit Jahren als Lernbegleiterin und Erm\u00f6glicherin f\u00fcr Kinder und Jugendliche, denen das 08\/15 Lernen nicht so einfach gelingt.<\/p>\n<p><strong>Es geht mir nicht nur um den Schulerfolg, sondern vor allem auch darum, Freude am eigenen Lernen zu wecken, ein positives Selbstbild zu verinnerlichen und dadurch auch die gesamte Person zu st\u00e4rken.<\/strong><\/p>\n<p>Meine Arbeitsschwerpunkte sind<\/p>\n<ul>\n<li>P\u00e4dagogische Abkl\u00e4rung einer eventuell vorliegenden Legasthenie oder Dyskalkulie<\/li>\n<li>Training mit Kindern und Jugendlichen, welche mit einer Legasthenie bzw. Dyskalkulie umgehen m\u00fcssen<\/li>\n<li>Nachhilfe in Deutsch, Englisch, Franz\u00f6sisch, Buchhaltung und Mathematik f\u00fcr Kinder und Jugendliche, welche eine F\u00f6rderung in diesen F\u00e4chern brauchen, ohne eine Legasthenie oder Dyskalkulie zu haben.<\/li>\n<li>Vorbereitung auf die Matura in Deutsch, Englisch, Buchhaltung und Mathematik<\/li>\n<\/ul>\n<p><img data-recalc-dims=\"1\" loading=\"lazy\" decoding=\"async\" data-attachment-id=\"1244\" data-permalink=\"https:\/\/lernraum.qualifizierung.com\/?attachment_id=1244\" data-orig-file=\"https:\/\/i0.wp.com\/lernraum.qualifizierung.com\/wp-content\/uploads\/2018\/03\/Mitglied-E%C3%96DL.jpg?fit=300%2C300&amp;ssl=1\" data-orig-size=\"300,300\" data-comments-opened=\"1\" data-image-meta=\"{&quot;aperture&quot;:&quot;0&quot;,&quot;credit&quot;:&quot;&quot;,&quot;camera&quot;:&quot;&quot;,&quot;caption&quot;:&quot;&quot;,&quot;created_timestamp&quot;:&quot;0&quot;,&quot;copyright&quot;:&quot;&quot;,&quot;focal_length&quot;:&quot;0&quot;,&quot;iso&quot;:&quot;0&quot;,&quot;shutter_speed&quot;:&quot;0&quot;,&quot;title&quot;:&quot;&quot;,&quot;orientation&quot;:&quot;0&quot;}\" data-image-title=\"Mitglied E\u00d6DL\" data-image-description=\"\" data-image-caption=\"\" data-large-file=\"https:\/\/i0.wp.com\/lernraum.qualifizierung.com\/wp-content\/uploads\/2018\/03\/Mitglied-E%C3%96DL.jpg?fit=300%2C300&amp;ssl=1\" class=\"aligncenter wp-image-1244\" src=\"https:\/\/i0.wp.com\/lernraum.qualifizierung.com\/wp-content\/uploads\/2018\/03\/Mitglied-E%C3%96DL.jpg?resize=206%2C206&#038;ssl=1\" alt=\"\" width=\"206\" height=\"206\" srcset=\"https:\/\/i0.wp.com\/lernraum.qualifizierung.com\/wp-content\/uploads\/2018\/03\/Mitglied-E%C3%96DL.jpg?w=300&amp;ssl=1 300w, https:\/\/i0.wp.com\/lernraum.qualifizierung.com\/wp-content\/uploads\/2018\/03\/Mitglied-E%C3%96DL.jpg?resize=150%2C150&amp;ssl=1 150w\" sizes=\"auto, (max-width: 206px) 100vw, 206px\" \/><\/p>\n<p>&nbsp;<\/p>\n","protected":false},"excerpt":{"rendered":"<p>Mein Name ist Kornelia Maier-H\u00e4fele, ich bin Wirtschaftsp\u00e4dagogin, Mutter von zwei Kindern und seit vielen Jahren am Thema &#8222;Lernen&#8220; interessiert. Erst als Erwachsenenbildnerin, sp\u00e4ter als Organisationsentwicklerin und nun seit Jahren als Lernbegleiterin und Erm\u00f6glicherin f\u00fcr Kinder und Jugendliche, denen das 08\/15 Lernen nicht so einfach gelingt. Es geht mir nicht nur um den Schulerfolg, sondern [&hellip;]<\/p>\n","protected":false},"author":1,"featured_media":2659,"parent":0,"menu_order":0,"comment_status":"closed","ping_status":"closed","template":"","meta":{"jetpack_post_was_ever_published":false,"footnotes":""},"class_list":["post-28","page","type-page","status-publish","has-post-thumbnail","hentry"],"jetpack_sharing_enabled":true,"jetpack_shortlink":"https:\/\/wp.me\/P7RzEY-s","jetpack-related-posts":[],"_links":{"self":[{"href":"https:\/\/lernraum.qualifizierung.com\/index.php?rest_route=\/wp\/v2\/pages\/28","targetHints":{"allow":["GET"]}}],"collection":[{"href":"https:\/\/lernraum.qualifizierung.com\/index.php?rest_route=\/wp\/v2\/pages"}],"about":[{"href":"https:\/\/lernraum.qualifizierung.com\/index.php?rest_route=\/wp\/v2\/types\/page"}],"author":[{"embeddable":true,"href":"https:\/\/lernraum.qualifizierung.com\/index.php?rest_route=\/wp\/v2\/users\/1"}],"replies":[{"embeddable":true,"href":"https:\/\/lernraum.qualifizierung.com\/index.php?rest_route=%2Fwp%2Fv2%2Fcomments&post=28"}],"version-history":[{"count":11,"href":"https:\/\/lernraum.qualifizierung.com\/index.php?rest_route=\/wp\/v2\/pages\/28\/revisions"}],"predecessor-version":[{"id":2661,"href":"https:\/\/lernraum.qualifizierung.com\/index.php?rest_route=\/wp\/v2\/pages\/28\/revisions\/2661"}],"wp:featuredmedia":[{"embeddable":true,"href":"https:\/\/lernraum.qualifizierung.com\/index.php?rest_route=\/wp\/v2\/media\/2659"}],"wp:attachment":[{"href":"https:\/\/lernraum.qualifizierung.com\/index.php?rest_route=%2Fwp%2Fv2%2Fmedia&parent=28"}],"curies":[{"name":"wp","href":"https:\/\/api.w.org\/{rel}","templated":true}]}}