{"id":76,"date":"2016-09-01T16:56:04","date_gmt":"2016-09-01T14:56:04","guid":{"rendered":"http:\/\/lernraum.qualifizierung.com\/?page_id=76"},"modified":"2017-11-18T20:37:11","modified_gmt":"2017-11-18T19:37:11","slug":"meine-angebote","status":"publish","type":"page","link":"https:\/\/lernraum.qualifizierung.com\/?page_id=76","title":{"rendered":"Meine Angebote"},"content":{"rendered":"<p>In den beiden LernR\u00e4umen im Vorderland und im Montafon<\/p>\n<ul>\n<li>Im Dorf 12, 6833 Fraxern<\/li>\n<li>Mustergielweg 3, 6773 Vandans<\/li>\n<\/ul>\n<p>biete ich an:<\/p>\n<ul>\n<li>P\u00e4dagogische Diagnostik einer eventuell vorliegenenden Legasthenie \/ LRS, Dyskalkulie \/ Rechenschw\u00e4che<\/li>\n<li>Individuell auf das Kind abgestimmtes Training in den Bereichen<br \/>\n<a href=\"https:\/\/lernraum.qualifizierung.com\/?page_id=898\" target=\"_blank\" rel=\"noopener\">Legasthenie <\/a>\/ Lese- Rechtschreibschw\u00e4che, <a href=\"https:\/\/lernraum.qualifizierung.com\/?page_id=869\" target=\"_blank\" rel=\"noopener\">Dyskalkulie <\/a>\/ Rechenschw\u00e4che sowie Englisch und Franz\u00f6sisch bei Legasthenie \/ LRS<\/li>\n<li>Individuell auf das Kind zugeschnittene <a href=\"https:\/\/lernraum.qualifizierung.com\/?page_id=924\">Nachhilfe in den Bereichen Deutsch, Mathematik, Englisch und Franz\u00f6sisch<\/a> ohne dass Legasthenie oder Dyskalkulie vorliegt<\/li>\n<li>Beratung bei Schul- und Lernproblemen<\/li>\n<\/ul>\n<blockquote>\n<p style=\"text-align: left;\">Das Ziel meiner Arbeit ist, dass die Klientinnen und Klienten die Schule und den Alltag problemfreier und entspannter gestalten k\u00f6nnen.<br \/>\nDas erh\u00f6hte Selbstvertrauen, die Freude am Tun und Lernen kommen mit den Erfolgen, die sich einstellen, ganz von selbst.<\/p>\n<\/blockquote>\n<p>So wie jeder Mensch individuell ist, sind es auch die Schwierigkeiten und Herausforderungen, die sich stellen. Mit einem Schatz an Erfahrungen und Methoden im Hintergrund, widme ich mich im Training ausschlie\u00dflich der Problematik des jeweiligen Klienten, es gibt keine vorgefertigten Abl\u00e4ufe.<\/p>\n<p>Meine Hauptzielgruppe sind Sch\u00fclerinnen und Sch\u00fcler zwischen 6 und 16 Jahren. Es ist jedoch auch sehr gut m\u00f6glich, mit Kindern ab drei Jahren zu arbeiten, genau so hatte ich auch schon eine Klientin mit \u00fcber 50 Jahren.<\/p>\n<p><a href=\"https:\/\/lernraum.qualifizierung.com\/?page_id=50\">Kontaktieren Sie mich<\/a> gerne f\u00fcr ein unverbindliches Gespr\u00e4ch und ein Kennenlernen.<\/p>\n<p>&nbsp;<\/p>\n<p>Kornelia Maier-H\u00e4fele<\/p>\n","protected":false},"excerpt":{"rendered":"<p>In den beiden LernR\u00e4umen im Vorderland und im Montafon Im Dorf 12, 6833 Fraxern Mustergielweg 3, 6773 Vandans biete ich an: P\u00e4dagogische Diagnostik einer eventuell vorliegenenden Legasthenie \/ LRS, Dyskalkulie \/ Rechenschw\u00e4che Individuell auf das Kind abgestimmtes Training in den Bereichen Legasthenie \/ Lese- Rechtschreibschw\u00e4che, Dyskalkulie \/ Rechenschw\u00e4che sowie Englisch und Franz\u00f6sisch bei Legasthenie \/ [&hellip;]<\/p>\n","protected":false},"author":1,"featured_media":65,"parent":0,"menu_order":0,"comment_status":"closed","ping_status":"closed","template":"","meta":{"jetpack_post_was_ever_published":false,"footnotes":""},"class_list":["post-76","page","type-page","status-publish","has-post-thumbnail","hentry"],"jetpack_sharing_enabled":true,"jetpack_shortlink":"https:\/\/wp.me\/P7RzEY-1e","jetpack-related-posts":[],"_links":{"self":[{"href":"https:\/\/lernraum.qualifizierung.com\/index.php?rest_route=\/wp\/v2\/pages\/76","targetHints":{"allow":["GET"]}}],"collection":[{"href":"https:\/\/lernraum.qualifizierung.com\/index.php?rest_route=\/wp\/v2\/pages"}],"about":[{"href":"https:\/\/lernraum.qualifizierung.com\/index.php?rest_route=\/wp\/v2\/types\/page"}],"author":[{"embeddable":true,"href":"https:\/\/lernraum.qualifizierung.com\/index.php?rest_route=\/wp\/v2\/users\/1"}],"replies":[{"embeddable":true,"href":"https:\/\/lernraum.qualifizierung.com\/index.php?rest_route=%2Fwp%2Fv2%2Fcomments&post=76"}],"version-history":[{"count":12,"href":"https:\/\/lernraum.qualifizierung.com\/index.php?rest_route=\/wp\/v2\/pages\/76\/revisions"}],"predecessor-version":[{"id":933,"href":"https:\/\/lernraum.qualifizierung.com\/index.php?rest_route=\/wp\/v2\/pages\/76\/revisions\/933"}],"wp:featuredmedia":[{"embeddable":true,"href":"https:\/\/lernraum.qualifizierung.com\/index.php?rest_route=\/wp\/v2\/media\/65"}],"wp:attachment":[{"href":"https:\/\/lernraum.qualifizierung.com\/index.php?rest_route=%2Fwp%2Fv2%2Fmedia&parent=76"}],"curies":[{"name":"wp","href":"https:\/\/api.w.org\/{rel}","templated":true}]}}