{"id":898,"date":"2017-10-30T17:35:48","date_gmt":"2017-10-30T16:35:48","guid":{"rendered":"http:\/\/lernraum.qualifizierung.com\/?page_id=898"},"modified":"2018-02-19T19:37:28","modified_gmt":"2018-02-19T18:37:28","slug":"legasthenie-2","status":"publish","type":"page","link":"https:\/\/lernraum.qualifizierung.com\/?page_id=898","title":{"rendered":"Legasthenie"},"content":{"rendered":"<blockquote>\n<p style=\"text-align: center;\"><strong>Als Legasthenie wird bezeichnet,<br \/>\n<\/strong><strong>wenn es bei durchschnittlich bis sehr intelligenten Kindern<br \/>\nzu gro\u00dfen Problemen<br \/>\nbeim Erlernen des Lesens und Schreibens kommt.<\/strong><\/p>\n<\/blockquote>\n<p>Meist tritt Legasthenie schon bei einem Elternteil oder bei Geschwistern auf, da diese genetisch bedingt ist. Das bedeutet, dass niemand etwas daf\u00fcr kann, von Legasthenie betroffen zu sein. Das Kind \u201estellt sich nicht einfach an\u201c, sondern es ben\u00f6tigt aufgrund der unterschiedlichen Wahrnehmung auch unterschiedliche, individuelle F\u00f6rderung.<\/p>\n<p>Legasthene Kinder und deren Eltern erleben im Schulbetrieb viele frustrierende Situationen und stellen fest, dass es nichts n\u00fctzt, immer mehr und mehr vom selben zu lernen. So f\u00fchren Hausaufgabensituationen, Ansagen, Schularbeiten zu Frust und Resignation bei allen Beteiligten.<\/p>\n<p><strong>Wie kann sich eine vorliegende Legasthenie \u00e4u\u00dfern:<\/strong><\/p>\n<ul>\n<li>Vertr\u00e4umtheit, Unaufmerksamkeit beim Lesen und Schreiben<br \/>\nDas Kind l\u00e4sst sich leicht ablenken, ist unruhig.<br \/>\nDieser Aspekt einer Legasthenie wird oft mit ADHS verwechselt, was bedeutet, dass das Kind nicht richtig gef\u00f6rdert wird und die Unruhe sich oft noch verst\u00e4rkt.<\/li>\n<li>Niedrige Geschwindigkeit beim Lesen und Schreiben<br \/>\nBuchstaben oder ganze W\u00f6rter werden ausgelassen, das Kind verliert beim Lesen oft die Zeile, Gelesenes wird h\u00e4ufig nicht verstanden<\/li>\n<li>Fehler in Rechtschreibung und Grammatik<br \/>\nDas Kind l\u00e4sst beim Schreiben Wortteile oder ganz W\u00f6rter aus, verdreht Buchstaben, macht keine Satzzeichen. Ein und dasselbe Wort kann manchmal richtig, ein anderes Mal wieder auf unterschiedliche Weise falsch geschrieben werden.<\/li>\n<\/ul>\n<p><strong>Probleme in anderen F\u00e4chern:<\/strong><\/p>\n<p>Lesen, Verstehen und Schreiben sind die Grundlagen f\u00fcr den Erfolg in fast allen anderen F\u00e4chern. Kinder mit Legasthenie haben h\u00e4ufig Schwierigkeiten beim Erlernen einer Fremdsprache. Aber auch das Verstehen von geschriebenen Arbeitsanweisungen, Textaufgaben, Texten in Sachkunde oder Geografie ist problematisch.<\/p>\n<p><strong>Was tun?<\/strong><\/p>\n<p>Kinder, Jugendliche und Erwachsene, welche von Legasthenie betroffen sind, ben\u00f6tigen andere Zug\u00e4nge zum Lernen, als sie \u00fcblicherweise in Schulen angeboten werden.<\/p>\n<p>Zuerst empfiehlt es sich, das m\u00f6gliche Vorliegen einer Legasthenie abzukl\u00e4ren. Diese Abkl\u00e4rung f\u00fchre ich als diplomierte Legasthenietrainerin mit Hilfe des computergest\u00fctzten Aufmerksamkeits- Symptom- Funktionstests (ASF Test) durch.<\/p>\n<p>Im Anschluss daran erfolgt eine <a href=\"https:\/\/lernraum.qualifizierung.com\/?page_id=76\" target=\"_blank\" rel=\"noopener\">gezielte F\u00f6rderung<\/a>, welche individuell auf die Bed\u00fcrfnisse ihres Kindes angepasst wird. In dieser F\u00f6rderung arbeiten wir nicht nur an den Symptomen (= Fehlern). Ganz gezielt arbeiten wir auch an der Aufmerksamkeit und den Wahrnehmungen.<\/p>\n<p>Angepasst an die Altersstufen kann das Legasthenietraining schon mit Vorschulkindern durchgef\u00fchrt werden. Das ist vor allem dann sinnvoll, wenn bei \u00e4lteren Geschwistern bereits eine Legasthenie festgestellt wurde. Durch gezielte F\u00f6rderung im Kleinkindalter ist es m\u00f6glich, das Auftreten einer Legasthenie sehr abzuschw\u00e4chen.<\/p>\n<p>Erfolgreiche Trainings k\u00f6nnen auch mit Erwachsenen durchgef\u00fchrt werden. Bei Erwachsenen wird im Training ausschlie\u00dflich an den Symptomen gearbeitet.<\/p>\n<p>Die haupts\u00e4chliche Zielgruppe stellen Kinder und Jugendliche zwischen 6 und 16 Jahren dar. Je\u00a0 fr\u00fcher mit dem Training begonnen wird, desto schneller stellen sich Erfolgserlebnisse ein und frustrierende Situationen k\u00f6nnen vermieden werden.<\/p>\n","protected":false},"excerpt":{"rendered":"<p>Als Legasthenie wird bezeichnet, wenn es bei durchschnittlich bis sehr intelligenten Kindern zu gro\u00dfen Problemen beim Erlernen des Lesens und Schreibens kommt. Meist tritt Legasthenie schon bei einem Elternteil oder bei Geschwistern auf, da diese genetisch bedingt ist. Das bedeutet, dass niemand etwas daf\u00fcr kann, von Legasthenie betroffen zu sein. Das Kind \u201estellt sich nicht [&hellip;]<\/p>\n","protected":false},"author":1,"featured_media":1055,"parent":76,"menu_order":0,"comment_status":"closed","ping_status":"closed","template":"","meta":{"jetpack_post_was_ever_published":false,"footnotes":""},"class_list":["post-898","page","type-page","status-publish","has-post-thumbnail","hentry"],"jetpack_sharing_enabled":true,"jetpack_shortlink":"https:\/\/wp.me\/P7RzEY-eu","jetpack-related-posts":[],"_links":{"self":[{"href":"https:\/\/lernraum.qualifizierung.com\/index.php?rest_route=\/wp\/v2\/pages\/898","targetHints":{"allow":["GET"]}}],"collection":[{"href":"https:\/\/lernraum.qualifizierung.com\/index.php?rest_route=\/wp\/v2\/pages"}],"about":[{"href":"https:\/\/lernraum.qualifizierung.com\/index.php?rest_route=\/wp\/v2\/types\/page"}],"author":[{"embeddable":true,"href":"https:\/\/lernraum.qualifizierung.com\/index.php?rest_route=\/wp\/v2\/users\/1"}],"replies":[{"embeddable":true,"href":"https:\/\/lernraum.qualifizierung.com\/index.php?rest_route=%2Fwp%2Fv2%2Fcomments&post=898"}],"version-history":[{"count":4,"href":"https:\/\/lernraum.qualifizierung.com\/index.php?rest_route=\/wp\/v2\/pages\/898\/revisions"}],"predecessor-version":[{"id":911,"href":"https:\/\/lernraum.qualifizierung.com\/index.php?rest_route=\/wp\/v2\/pages\/898\/revisions\/911"}],"up":[{"embeddable":true,"href":"https:\/\/lernraum.qualifizierung.com\/index.php?rest_route=\/wp\/v2\/pages\/76"}],"wp:featuredmedia":[{"embeddable":true,"href":"https:\/\/lernraum.qualifizierung.com\/index.php?rest_route=\/wp\/v2\/media\/1055"}],"wp:attachment":[{"href":"https:\/\/lernraum.qualifizierung.com\/index.php?rest_route=%2Fwp%2Fv2%2Fmedia&parent=898"}],"curies":[{"name":"wp","href":"https:\/\/api.w.org\/{rel}","templated":true}]}}