{"id":924,"date":"2017-11-18T20:26:53","date_gmt":"2017-11-18T19:26:53","guid":{"rendered":"http:\/\/lernraum.qualifizierung.com\/?page_id=924"},"modified":"2017-11-18T20:26:53","modified_gmt":"2017-11-18T19:26:53","slug":"nachhilfe","status":"publish","type":"page","link":"https:\/\/lernraum.qualifizierung.com\/?page_id=924","title":{"rendered":"Nachhilfe"},"content":{"rendered":"<p>Manchmal l\u00e4uft es eben nicht rund, ohne dass eine <a href=\"https:\/\/lernraum.qualifizierung.com\/?page_id=898\">Legasthenie<\/a> oder <a href=\"https:\/\/lernraum.qualifizierung.com\/?page_id=869\">Dyskalkulie<\/a> vorhanden sind.<\/p>\n<p>Neue Lehrerin, neuer Lehrer, neue Schule, l\u00e4ngere Krankheit, Umstellungen in Familie und Freundeskreis, Pubert\u00e4t, schwieriger Stoff \u2026 die Liste, warum es vor\u00fcbergehend schwierig sein kann gute oder ausreichende Leistungen zu erbringen ist lange. All diese Schwierigkeiten haben jedoch eines gemeinsam: sie k\u00f6nnen mit zielgerichtetem Lernen aus dem Weg geschafft werden.<\/p>\n<p>Jedoch funktioniert es oft einfach nicht, wenn Eltern mit dem Kind lernen. Der Stress ist viel gr\u00f6\u00dfer als der Erfolg, der Familiensegen h\u00e4ngt schief. Die Motivation, mit jemandem au\u00dferhalb der Familie zu lernen ist bei Kindern und Jugendlichen meist h\u00f6her, der Stress wird aus der Familie ausgelagert und das tut allen Beteiligten gut.<\/p>\n<p>F\u00fcr Kinder und Jugendliche, welche mit momentanen Schwierigkeiten in der Schule zu k\u00e4mpfen haben, biete ich p\u00e4dagogisch wertvolle, gut zu verstehende Nachhilfe in den F\u00e4chern<\/p>\n<ul>\n<li>Deutsch<\/li>\n<li>Mathematik<\/li>\n<li>Englisch<\/li>\n<li>Franz\u00f6sisch<\/li>\n<\/ul>\n<p>an.<\/p>\n<p>Die Nachhilfestunden orientieren sich ausschlie\u00dflich an den Bed\u00fcrfnissen Ihres Kindes. Es gibt kein vorgefertigtes Raster, wir arbeiten genau an den Themen, die f\u00fcr Ihr Kind wichtig sind. Einzelstunden sind genau so m\u00f6glich wie die Arbeit in 2er oder h\u00f6chstens 3er Gruppen.<\/p>\n<p>Nach einem pers\u00f6nlichen Kennenlernen und erster Zusammenarbeit k\u00f6nnen wir die Nachhilfestunden ganz oder teilweise per Skype durchf\u00fchren. So sparen Sie und Ihr Kind sich wertvolle Zeit, die anstatt des Fahrens in Entspannung oder Lernen investiert werden kann.<\/p>\n","protected":false},"excerpt":{"rendered":"<p>Manchmal l\u00e4uft es eben nicht rund, ohne dass eine Legasthenie oder Dyskalkulie vorhanden sind. Neue Lehrerin, neuer Lehrer, neue Schule, l\u00e4ngere Krankheit, Umstellungen in Familie und Freundeskreis, Pubert\u00e4t, schwieriger Stoff \u2026 die Liste, warum es vor\u00fcbergehend schwierig sein kann gute oder ausreichende Leistungen zu erbringen ist lange. All diese Schwierigkeiten haben jedoch eines gemeinsam: sie [&hellip;]<\/p>\n","protected":false},"author":1,"featured_media":39,"parent":76,"menu_order":0,"comment_status":"closed","ping_status":"closed","template":"","meta":{"jetpack_post_was_ever_published":false,"footnotes":""},"class_list":["post-924","page","type-page","status-publish","has-post-thumbnail","hentry"],"jetpack_sharing_enabled":true,"jetpack_shortlink":"https:\/\/wp.me\/P7RzEY-eU","jetpack-related-posts":[],"_links":{"self":[{"href":"https:\/\/lernraum.qualifizierung.com\/index.php?rest_route=\/wp\/v2\/pages\/924","targetHints":{"allow":["GET"]}}],"collection":[{"href":"https:\/\/lernraum.qualifizierung.com\/index.php?rest_route=\/wp\/v2\/pages"}],"about":[{"href":"https:\/\/lernraum.qualifizierung.com\/index.php?rest_route=\/wp\/v2\/types\/page"}],"author":[{"embeddable":true,"href":"https:\/\/lernraum.qualifizierung.com\/index.php?rest_route=\/wp\/v2\/users\/1"}],"replies":[{"embeddable":true,"href":"https:\/\/lernraum.qualifizierung.com\/index.php?rest_route=%2Fwp%2Fv2%2Fcomments&post=924"}],"version-history":[{"count":2,"href":"https:\/\/lernraum.qualifizierung.com\/index.php?rest_route=\/wp\/v2\/pages\/924\/revisions"}],"predecessor-version":[{"id":926,"href":"https:\/\/lernraum.qualifizierung.com\/index.php?rest_route=\/wp\/v2\/pages\/924\/revisions\/926"}],"up":[{"embeddable":true,"href":"https:\/\/lernraum.qualifizierung.com\/index.php?rest_route=\/wp\/v2\/pages\/76"}],"wp:featuredmedia":[{"embeddable":true,"href":"https:\/\/lernraum.qualifizierung.com\/index.php?rest_route=\/wp\/v2\/media\/39"}],"wp:attachment":[{"href":"https:\/\/lernraum.qualifizierung.com\/index.php?rest_route=%2Fwp%2Fv2%2Fmedia&parent=924"}],"curies":[{"name":"wp","href":"https:\/\/api.w.org\/{rel}","templated":true}]}}